{"id":3151,"date":"2026-02-11T13:59:13","date_gmt":"2026-02-11T12:59:13","guid":{"rendered":"https:\/\/pimtool.com\/danke\/"},"modified":"2026-02-14T13:56:48","modified_gmt":"2026-02-14T12:56:48","slug":"danke","status":"publish","type":"page","link":"https:\/\/pimtool.com\/de\/danke\/","title":{"rendered":"Danke"},"content":{"rendered":"\t\t<div data-elementor-type=\"wp-page\" data-elementor-id=\"3151\" class=\"elementor elementor-3151\">\n\t\t\t\t<div class=\"elementor-element elementor-element-37f60b4 e-flex e-con-boxed wpr-particle-no wpr-jarallax-no wpr-parallax-no wpr-sticky-section-no wpr-equal-height-no e-con e-parent\" data-id=\"37f60b4\" data-element_type=\"container\" data-e-type=\"container\" data-settings=\"{&quot;background_background&quot;:&quot;classic&quot;,&quot;shape_divider_bottom&quot;:&quot;opacity-tilt&quot;}\">\n\t\t\t\t\t<div class=\"e-con-inner\">\n\t\t\t\t<div class=\"elementor-shape elementor-shape-bottom\" aria-hidden=\"true\" data-negative=\"false\">\n\t\t\t<svg xmlns=\"http:\/\/www.w3.org\/2000\/svg\" viewBox=\"0 0 2600 131.1\" preserveAspectRatio=\"none\">\n\t<path class=\"elementor-shape-fill\" d=\"M0 0L2600 0 2600 69.1 0 0z\"\/>\n\t<path class=\"elementor-shape-fill\" style=\"opacity:0.5\" d=\"M0 0L2600 0 2600 69.1 0 69.1z\"\/>\n\t<path class=\"elementor-shape-fill\" style=\"opacity:0.25\" d=\"M2600 0L0 0 0 130.1 2600 69.1z\"\/>\n<\/svg>\t\t<\/div>\n\t\t<div class=\"elementor-element elementor-element-5fcb6983 e-con-full e-flex wpr-particle-no wpr-jarallax-no wpr-parallax-no wpr-sticky-section-no wpr-equal-height-no elementor-invisible e-con e-child\" data-id=\"5fcb6983\" data-element_type=\"container\" data-e-type=\"container\" data-settings=\"{&quot;animation&quot;:&quot;fadeIn&quot;}\">\n\t\t\t\t<div class=\"elementor-element elementor-element-da8bb17 elementor-widget elementor-widget-heading\" data-id=\"da8bb17\" data-element_type=\"widget\" data-e-type=\"widget\" data-widget_type=\"heading.default\">\n\t\t\t\t<div class=\"elementor-widget-container\">\n\t\t\t\t\t<h2 class=\"elementor-heading-title elementor-size-default\">Vielen Dank f\u00fcr Ihr Vertrauen!<\/h2>\t\t\t\t<\/div>\n\t\t\t\t<\/div>\n\t\t\t\t<div class=\"elementor-element elementor-element-40d911ad elementor-widget elementor-widget-heading\" data-id=\"40d911ad\" data-element_type=\"widget\" data-e-type=\"widget\" data-widget_type=\"heading.default\">\n\t\t\t\t<div class=\"elementor-widget-container\">\n\t\t\t\t\t<h2 class=\"elementor-heading-title elementor-size-default\">Ihre Anfrage wurde erfolgreich gesendet.<\/h2>\t\t\t\t<\/div>\n\t\t\t\t<\/div>\n\t\t\t\t<div class=\"elementor-element elementor-element-5c1116f4 elementor-widget elementor-widget-text-editor\" data-id=\"5c1116f4\" data-element_type=\"widget\" data-e-type=\"widget\" data-widget_type=\"text-editor.default\">\n\t\t\t\t<div class=\"elementor-widget-container\">\n\t\t\t\t\t\t\t\t\t<p data-start=\"360\" data-end=\"468\">Unser Team pr\u00fcft Ihre Anfrage und wird sich schnellstm\u00f6glich bei Ihnen melden.<\/p>\t\t\t\t\t\t\t\t<\/div>\n\t\t\t\t<\/div>\n\t\t\t\t<div class=\"elementor-element elementor-element-273479f8 wpr-button-icon-style-inline wpr-button-icon-position-right elementor-widget elementor-widget-wpr-button\" data-id=\"273479f8\" data-element_type=\"widget\" data-e-type=\"widget\" data-widget_type=\"wpr-button.default\">\n\t\t\t\t<div class=\"elementor-widget-container\">\n\t\t\t\t\t\t\n\t\t\t\n\t\t\n\t\t<div class=\"wpr-button-wrap elementor-clearfix\">\n\t\t<a class=\"wpr-button wpr-button-effect wpr-button-none\" data-text=\"\" href=\"#kontakt\">\n\t\t\t\n\t\t\t<span class=\"wpr-button-content\">\n\t\t\t\t\t\t\t\t\t<span class=\"wpr-button-text\">Kontakt<\/span>\n\t\t\t\t\t\t\t\t\n\t\t\t\t\t\t\t<\/span>\n\t\t<\/a>\n\n\t\t\t\t<\/div>\n\t\n\t\n\t\t\t\t\t<\/div>\n\t\t\t\t<\/div>\n\t\t\t\t<\/div>\n\t\t\t\t\t<\/div>\n\t\t\t\t<\/div>\n\t\t<div class=\"elementor-element elementor-element-0c86d67 e-flex e-con-boxed wpr-particle-no wpr-jarallax-no wpr-parallax-no wpr-sticky-section-no wpr-equal-height-no e-con e-parent\" data-id=\"0c86d67\" data-element_type=\"container\" data-e-type=\"container\">\n\t\t\t\t\t<div class=\"e-con-inner\">\n\t\t\t\t<div class=\"elementor-element elementor-element-ae949c6 elementor-widget elementor-widget-heading\" data-id=\"ae949c6\" data-element_type=\"widget\" data-e-type=\"widget\" data-widget_type=\"heading.default\">\n\t\t\t\t<div class=\"elementor-widget-container\">\n\t\t\t\t\t<h2 class=\"elementor-heading-title elementor-size-default\">Was k\u00f6nnen Sie als N\u00e4chstes erwarten?<\/h2>\t\t\t\t<\/div>\n\t\t\t\t<\/div>\n\t\t\t\t<div class=\"elementor-element elementor-element-7b68935 elementor-widget__width-initial elementor-widget elementor-widget-text-editor\" data-id=\"7b68935\" data-element_type=\"widget\" data-e-type=\"widget\" data-widget_type=\"text-editor.default\">\n\t\t\t\t<div class=\"elementor-widget-container\">\n\t\t\t\t\t\t\t\t\t<ul><li>\u00dcberpr\u00fcfung der technischen Dokumentation<\/li><li>Gesch\u00e4tzte Produktionszeit und -kosten<\/li><li>Antwort per E-Mail oder Telefon<\/li><\/ul>\t\t\t\t\t\t\t\t<\/div>\n\t\t\t\t<\/div>\n\t\t\t\t\t<\/div>\n\t\t\t\t<\/div>\n\t\t<div class=\"elementor-element elementor-element-b9a13ec e-flex e-con-boxed wpr-particle-no wpr-jarallax-no wpr-parallax-no wpr-sticky-section-no wpr-equal-height-no e-con e-parent\" data-id=\"b9a13ec\" data-element_type=\"container\" data-e-type=\"container\">\n\t\t\t\t\t<div class=\"e-con-inner\">\n\t\t\t\t<div class=\"elementor-element elementor-element-b023789 elementor-widget elementor-widget-heading\" data-id=\"b023789\" data-element_type=\"widget\" data-e-type=\"widget\" data-widget_type=\"heading.default\">\n\t\t\t\t<div class=\"elementor-widget-container\">\n\t\t\t\t\t<h2 class=\"elementor-heading-title elementor-size-default\">M\u00f6chten Sie, dass wir die Bearbeitung Ihrer Anfrage beschleunigen?<\/h2>\t\t\t\t<\/div>\n\t\t\t\t<\/div>\n\t\t\t\t<div class=\"elementor-element elementor-element-e150f1f elementor-widget__width-initial elementor-widget elementor-widget-text-editor\" data-id=\"e150f1f\" data-element_type=\"widget\" data-e-type=\"widget\" data-widget_type=\"text-editor.default\">\n\t\t\t\t<div class=\"elementor-widget-container\">\n\t\t\t\t\t\t\t\t\t<p data-start=\"889\" data-end=\"976\">Falls Sie weitere Zeichnungen oder Spezifikationen haben, senden Sie diese bitte direkt an:<br data-start=\"958\" data-end=\"961\"> <a href=\"mailto:pimtoolsconstruction@gmail.com\">pimtoolsconstruction@gmail.com<\/a> <\/p><p data-start=\"889\" data-end=\"976\">Oder rufen Sie Viber\/WhatsApp an: <a href=\"tel:+38163628901\">+38163628901<\/a><\/p>\t\t\t\t\t\t\t\t<\/div>\n\t\t\t\t<\/div>\n\t\t\t\t\t<\/div>\n\t\t\t\t<\/div>\n\t\t<div class=\"elementor-element elementor-element-d3c6209 e-flex e-con-boxed wpr-particle-no wpr-jarallax-no wpr-parallax-no wpr-sticky-section-no wpr-equal-height-no e-con e-parent\" data-id=\"d3c6209\" data-element_type=\"container\" data-e-type=\"container\">\n\t\t\t\t\t<div class=\"e-con-inner\">\n\t\t\t\t<div class=\"elementor-element elementor-element-947c798 elementor-widget elementor-widget-heading\" data-id=\"947c798\" data-element_type=\"widget\" data-e-type=\"widget\" data-widget_type=\"heading.default\">\n\t\t\t\t<div class=\"elementor-widget-container\">\n\t\t\t\t\t<h2 class=\"elementor-heading-title elementor-size-default\">Laden Sie unseren Produktkatalog herunter<\/h2>\t\t\t\t<\/div>\n\t\t\t\t<\/div>\n\t\t\t\t<div class=\"elementor-element elementor-element-3bac826 elementor-widget elementor-widget-text-editor\" data-id=\"3bac826\" data-element_type=\"widget\" data-e-type=\"widget\" data-widget_type=\"text-editor.default\">\n\t\t\t\t<div class=\"elementor-widget-container\">\n\t\t\t\t\t\t\t\t\t<h3><a href=\"https:\/\/pimtool.com\/wp-content\/uploads\/2026\/02\/Pimtool-Catalog2.pdf\">Pimtool-Katalog<\/a><\/h3>\t\t\t\t\t\t\t\t<\/div>\n\t\t\t\t<\/div>\n\t\t\t\t\t<\/div>\n\t\t\t\t<\/div>\n\t\t\t\t<\/div>\n\t\t","protected":false},"excerpt":{"rendered":"<p>Vielen Dank f\u00fcr Ihr Vertrauen! Ihre Anfrage wurde erfolgreich gesendet. Unser Team pr\u00fcft Ihre Anfrage und wird sich schnellstm\u00f6glich bei Ihnen melden. Kontakt Was k\u00f6nnen Sie als N\u00e4chstes erwarten? \u00dcberpr\u00fcfung der technischen Dokumentation Gesch\u00e4tzte Produktionszeit und -kosten Antwort per E-Mail oder Telefon M\u00f6chten Sie, dass wir die Bearbeitung Ihrer Anfrage beschleunigen? Falls Sie weitere Zeichnungen oder Spezifikationen haben, senden Sie diese bitte direkt an: pimtoolsconstruction@gmail.com Oder rufen Sie Viber\/WhatsApp an: +38163628901 Laden Sie unseren Produktkatalog herunter Pimtool-Katalog<\/p>\n","protected":false},"author":1,"featured_media":0,"parent":0,"menu_order":0,"comment_status":"closed","ping_status":"closed","template":"elementor_header_footer","meta":{"site-sidebar-layout":"no-sidebar","site-content-layout":"page-builder","ast-site-content-layout":"full-width-container","site-content-style":"default","site-sidebar-style":"default","ast-global-header-display":"disabled","ast-banner-title-visibility":"","ast-main-header-display":"","ast-hfb-above-header-display":"","ast-hfb-below-header-display":"","ast-hfb-mobile-header-display":"","site-post-title":"disabled","ast-breadcrumbs-content":"","ast-featured-img":"disabled","footer-sml-layout":"disabled","ast-disable-related-posts":"","theme-transparent-header-meta":"","adv-header-id-meta":"","stick-header-meta":"","header-above-stick-meta":"","header-main-stick-meta":"","header-below-stick-meta":"","astra-migrate-meta-layouts":"default","ast-page-background-enabled":"default","ast-page-background-meta":{"desktop":{"background-color":"","background-image":"","background-repeat":"repeat","background-position":"center center","background-size":"auto","background-attachment":"scroll","background-type":"","background-media":"","overlay-type":"","overlay-color":"","overlay-opacity":"","overlay-gradient":""},"tablet":{"background-color":"","background-image":"","background-repeat":"repeat","background-position":"center center","background-size":"auto","background-attachment":"scroll","background-type":"","background-media":"","overlay-type":"","overlay-color":"","overlay-opacity":"","overlay-gradient":""},"mobile":{"background-color":"","background-image":"","background-repeat":"repeat","background-position":"center center","background-size":"auto","background-attachment":"scroll","background-type":"","background-media":"","overlay-type":"","overlay-color":"","overlay-opacity":"","overlay-gradient":""}},"ast-content-background-meta":{"desktop":{"background-color":"var(--ast-global-color-5)","background-image":"","background-repeat":"repeat","background-position":"center center","background-size":"auto","background-attachment":"scroll","background-type":"","background-media":"","overlay-type":"","overlay-color":"","overlay-opacity":"","overlay-gradient":""},"tablet":{"background-color":"var(--ast-global-color-5)","background-image":"","background-repeat":"repeat","background-position":"center center","background-size":"auto","background-attachment":"scroll","background-type":"","background-media":"","overlay-type":"","overlay-color":"","overlay-opacity":"","overlay-gradient":""},"mobile":{"background-color":"var(--ast-global-color-5)","background-image":"","background-repeat":"repeat","background-position":"center center","background-size":"auto","background-attachment":"scroll","background-type":"","background-media":"","overlay-type":"","overlay-color":"","overlay-opacity":"","overlay-gradient":""}},"footnotes":""},"class_list":["post-3151","page","type-page","status-publish","hentry"],"yoast_head":"<!-- This site is optimized with the Yoast SEO plugin v27.5 - https:\/\/yoast.com\/product\/yoast-seo-wordpress\/ -->\n<title>Danke | P&amp;M tools construction<\/title>\n<meta name=\"robots\" content=\"index, follow, max-snippet:-1, max-image-preview:large, max-video-preview:-1\" \/>\n<link rel=\"canonical\" href=\"https:\/\/pimtool.com\/de\/danke\/\" \/>\n<meta property=\"og:locale\" content=\"de_DE\" \/>\n<meta property=\"og:type\" content=\"article\" \/>\n<meta property=\"og:title\" content=\"Danke | P&amp;M tools construction\" \/>\n<meta property=\"og:description\" content=\"Vielen Dank f\u00fcr Ihr Vertrauen! Ihre Anfrage wurde erfolgreich gesendet. Unser Team pr\u00fcft Ihre Anfrage und wird sich schnellstm\u00f6glich bei Ihnen melden. Kontakt Was k\u00f6nnen Sie als N\u00e4chstes erwarten? \u00dcberpr\u00fcfung der technischen Dokumentation Gesch\u00e4tzte Produktionszeit und -kosten Antwort per E-Mail oder Telefon M\u00f6chten Sie, dass wir die Bearbeitung Ihrer Anfrage beschleunigen? Falls Sie weitere Zeichnungen oder Spezifikationen haben, senden Sie diese bitte direkt an: pimtoolsconstruction@gmail.com Oder rufen Sie Viber\/WhatsApp an: +38163628901 Laden Sie unseren Produktkatalog herunter Pimtool-Katalog\" \/>\n<meta property=\"og:url\" content=\"https:\/\/pimtool.com\/de\/danke\/\" \/>\n<meta property=\"og:site_name\" content=\"P&amp;M tools construction\" \/>\n<meta property=\"article:publisher\" content=\"https:\/\/www.facebook.com\/pimtools.rs\" \/>\n<meta property=\"article:modified_time\" content=\"2026-02-14T12:56:48+00:00\" \/>\n<meta name=\"twitter:card\" content=\"summary_large_image\" \/>\n<script type=\"application\/ld+json\" class=\"yoast-schema-graph\">{\"@context\":\"https:\\\/\\\/schema.org\",\"@graph\":[{\"@type\":\"WebPage\",\"@id\":\"https:\\\/\\\/pimtool.com\\\/de\\\/danke\\\/\",\"url\":\"https:\\\/\\\/pimtool.com\\\/de\\\/danke\\\/\",\"name\":\"Danke | P&amp;M tools construction\",\"isPartOf\":{\"@id\":\"https:\\\/\\\/pimtool.com\\\/de\\\/#website\"},\"datePublished\":\"2026-02-11T12:59:13+00:00\",\"dateModified\":\"2026-02-14T12:56:48+00:00\",\"breadcrumb\":{\"@id\":\"https:\\\/\\\/pimtool.com\\\/de\\\/danke\\\/#breadcrumb\"},\"inLanguage\":\"de\",\"potentialAction\":[{\"@type\":\"ReadAction\",\"target\":[\"https:\\\/\\\/pimtool.com\\\/de\\\/danke\\\/\"]}]},{\"@type\":\"BreadcrumbList\",\"@id\":\"https:\\\/\\\/pimtool.com\\\/de\\\/danke\\\/#breadcrumb\",\"itemListElement\":[{\"@type\":\"ListItem\",\"position\":1,\"name\":\"Home\",\"item\":\"https:\\\/\\\/pimtool.com\\\/de\\\/\"},{\"@type\":\"ListItem\",\"position\":2,\"name\":\"Danke\"}]},{\"@type\":\"WebSite\",\"@id\":\"https:\\\/\\\/pimtool.com\\\/de\\\/#website\",\"url\":\"https:\\\/\\\/pimtool.com\\\/de\\\/\",\"name\":\"Pimtool construction\",\"description\":\"Ma\u0161inska obrada, varenje, bru\u0161enje i 3D \u0161tampa\",\"publisher\":{\"@id\":\"https:\\\/\\\/pimtool.com\\\/de\\\/#organization\"},\"alternateName\":\"P&M tool\",\"potentialAction\":[{\"@type\":\"SearchAction\",\"target\":{\"@type\":\"EntryPoint\",\"urlTemplate\":\"https:\\\/\\\/pimtool.com\\\/de\\\/?s={search_term_string}\"},\"query-input\":{\"@type\":\"PropertyValueSpecification\",\"valueRequired\":true,\"valueName\":\"search_term_string\"}}],\"inLanguage\":\"de\"},{\"@type\":\"Organization\",\"@id\":\"https:\\\/\\\/pimtool.com\\\/de\\\/#organization\",\"name\":\"P&M tools construction\",\"url\":\"https:\\\/\\\/pimtool.com\\\/de\\\/\",\"logo\":{\"@type\":\"ImageObject\",\"inLanguage\":\"de\",\"@id\":\"https:\\\/\\\/pimtool.com\\\/de\\\/#\\\/schema\\\/logo\\\/image\\\/\",\"url\":\"https:\\\/\\\/pimtool.com\\\/wp-content\\\/uploads\\\/2023\\\/05\\\/cropped-P_M-TOOLStransparent_1-1.png\",\"contentUrl\":\"https:\\\/\\\/pimtool.com\\\/wp-content\\\/uploads\\\/2023\\\/05\\\/cropped-P_M-TOOLStransparent_1-1.png\",\"width\":1563,\"height\":477,\"caption\":\"P&M tools construction\"},\"image\":{\"@id\":\"https:\\\/\\\/pimtool.com\\\/de\\\/#\\\/schema\\\/logo\\\/image\\\/\"},\"sameAs\":[\"https:\\\/\\\/www.facebook.com\\\/pimtools.rs\",\"https:\\\/\\\/www.linkedin.com\\\/company\\\/pimtools\\\/\"]}]}<\/script>\n<!-- \/ Yoast SEO plugin. -->","yoast_head_json":{"title":"Danke | P&amp;M tools construction","robots":{"index":"index","follow":"follow","max-snippet":"max-snippet:-1","max-image-preview":"max-image-preview:large","max-video-preview":"max-video-preview:-1"},"canonical":"https:\/\/pimtool.com\/de\/danke\/","og_locale":"de_DE","og_type":"article","og_title":"Danke | P&amp;M tools construction","og_description":"Vielen Dank f\u00fcr Ihr Vertrauen! Ihre Anfrage wurde erfolgreich gesendet. Unser Team pr\u00fcft Ihre Anfrage und wird sich schnellstm\u00f6glich bei Ihnen melden. Kontakt Was k\u00f6nnen Sie als N\u00e4chstes erwarten? \u00dcberpr\u00fcfung der technischen Dokumentation Gesch\u00e4tzte Produktionszeit und -kosten Antwort per E-Mail oder Telefon M\u00f6chten Sie, dass wir die Bearbeitung Ihrer Anfrage beschleunigen? Falls Sie weitere Zeichnungen oder Spezifikationen haben, senden Sie diese bitte direkt an: pimtoolsconstruction@gmail.com Oder rufen Sie Viber\/WhatsApp an: +38163628901 Laden Sie unseren Produktkatalog herunter Pimtool-Katalog","og_url":"https:\/\/pimtool.com\/de\/danke\/","og_site_name":"P&amp;M tools construction","article_publisher":"https:\/\/www.facebook.com\/pimtools.rs","article_modified_time":"2026-02-14T12:56:48+00:00","twitter_card":"summary_large_image","schema":{"@context":"https:\/\/schema.org","@graph":[{"@type":"WebPage","@id":"https:\/\/pimtool.com\/de\/danke\/","url":"https:\/\/pimtool.com\/de\/danke\/","name":"Danke | P&amp;M tools construction","isPartOf":{"@id":"https:\/\/pimtool.com\/de\/#website"},"datePublished":"2026-02-11T12:59:13+00:00","dateModified":"2026-02-14T12:56:48+00:00","breadcrumb":{"@id":"https:\/\/pimtool.com\/de\/danke\/#breadcrumb"},"inLanguage":"de","potentialAction":[{"@type":"ReadAction","target":["https:\/\/pimtool.com\/de\/danke\/"]}]},{"@type":"BreadcrumbList","@id":"https:\/\/pimtool.com\/de\/danke\/#breadcrumb","itemListElement":[{"@type":"ListItem","position":1,"name":"Home","item":"https:\/\/pimtool.com\/de\/"},{"@type":"ListItem","position":2,"name":"Danke"}]},{"@type":"WebSite","@id":"https:\/\/pimtool.com\/de\/#website","url":"https:\/\/pimtool.com\/de\/","name":"Pimtool construction","description":"Ma\u0161inska obrada, varenje, bru\u0161enje i 3D \u0161tampa","publisher":{"@id":"https:\/\/pimtool.com\/de\/#organization"},"alternateName":"P&M tool","potentialAction":[{"@type":"SearchAction","target":{"@type":"EntryPoint","urlTemplate":"https:\/\/pimtool.com\/de\/?s={search_term_string}"},"query-input":{"@type":"PropertyValueSpecification","valueRequired":true,"valueName":"search_term_string"}}],"inLanguage":"de"},{"@type":"Organization","@id":"https:\/\/pimtool.com\/de\/#organization","name":"P&M tools construction","url":"https:\/\/pimtool.com\/de\/","logo":{"@type":"ImageObject","inLanguage":"de","@id":"https:\/\/pimtool.com\/de\/#\/schema\/logo\/image\/","url":"https:\/\/pimtool.com\/wp-content\/uploads\/2023\/05\/cropped-P_M-TOOLStransparent_1-1.png","contentUrl":"https:\/\/pimtool.com\/wp-content\/uploads\/2023\/05\/cropped-P_M-TOOLStransparent_1-1.png","width":1563,"height":477,"caption":"P&M tools construction"},"image":{"@id":"https:\/\/pimtool.com\/de\/#\/schema\/logo\/image\/"},"sameAs":["https:\/\/www.facebook.com\/pimtools.rs","https:\/\/www.linkedin.com\/company\/pimtools\/"]}]}},"_links":{"self":[{"href":"https:\/\/pimtool.com\/de\/wp-json\/wp\/v2\/pages\/3151","targetHints":{"allow":["GET"]}}],"collection":[{"href":"https:\/\/pimtool.com\/de\/wp-json\/wp\/v2\/pages"}],"about":[{"href":"https:\/\/pimtool.com\/de\/wp-json\/wp\/v2\/types\/page"}],"author":[{"embeddable":true,"href":"https:\/\/pimtool.com\/de\/wp-json\/wp\/v2\/users\/1"}],"replies":[{"embeddable":true,"href":"https:\/\/pimtool.com\/de\/wp-json\/wp\/v2\/comments?post=3151"}],"version-history":[{"count":2,"href":"https:\/\/pimtool.com\/de\/wp-json\/wp\/v2\/pages\/3151\/revisions"}],"predecessor-version":[{"id":3345,"href":"https:\/\/pimtool.com\/de\/wp-json\/wp\/v2\/pages\/3151\/revisions\/3345"}],"wp:attachment":[{"href":"https:\/\/pimtool.com\/de\/wp-json\/wp\/v2\/media?parent=3151"}],"curies":[{"name":"wp","href":"https:\/\/api.w.org\/{rel}","templated":true}]}}