{"id":2575,"date":"2018-11-26T12:47:06","date_gmt":"2018-11-26T11:47:06","guid":{"rendered":"https:\/\/pimtool.com\/kontakt\/"},"modified":"2026-03-12T20:12:45","modified_gmt":"2026-03-12T19:12:45","slug":"kontakt","status":"publish","type":"page","link":"https:\/\/pimtool.com\/de\/kontakt\/","title":{"rendered":"Kontakt"},"content":{"rendered":"\t\t<div data-elementor-type=\"wp-post\" data-elementor-id=\"2575\" class=\"elementor elementor-2575\">\n\t\t\t\t<div class=\"elementor-element elementor-element-5630afc e-flex e-con-boxed wpr-particle-no wpr-jarallax-no wpr-parallax-no wpr-sticky-section-no e-con e-parent\" data-id=\"5630afc\" data-element_type=\"container\" data-e-type=\"container\" data-settings=\"{&quot;background_background&quot;:&quot;classic&quot;}\">\n\t\t\t\t\t<div class=\"e-con-inner\">\n\t\t<div class=\"elementor-element elementor-element-440e6d0 e-con-full e-flex wpr-particle-no wpr-jarallax-no wpr-parallax-no wpr-sticky-section-no e-con e-child\" data-id=\"440e6d0\" data-element_type=\"container\" data-e-type=\"container\">\n\t\t\t\t<div class=\"elementor-element elementor-element-20f96c6 elementor-widget elementor-widget-heading\" data-id=\"20f96c6\" data-element_type=\"widget\" data-e-type=\"widget\" data-widget_type=\"heading.default\">\n\t\t\t\t<div class=\"elementor-widget-container\">\n\t\t\t\t\t<h1 class=\"elementor-heading-title elementor-size-default\">Kontakt<\/h1>\t\t\t\t<\/div>\n\t\t\t\t<\/div>\n\t\t\t\t<\/div>\n\t\t\t\t\t<\/div>\n\t\t\t\t<\/div>\n\t\t<div class=\"elementor-element elementor-element-6555904 e-flex e-con-boxed wpr-particle-no wpr-jarallax-no wpr-parallax-no wpr-sticky-section-no e-con e-parent\" data-id=\"6555904\" data-element_type=\"container\" data-e-type=\"container\" data-settings=\"{&quot;background_background&quot;:&quot;classic&quot;}\">\n\t\t\t\t\t<div class=\"e-con-inner\">\n\t\t\t\t<div class=\"elementor-element elementor-element-6fa9f4c elementor-align-center elementor-widget elementor-widget-button\" data-id=\"6fa9f4c\" data-element_type=\"widget\" data-e-type=\"widget\" data-widget_type=\"button.default\">\n\t\t\t\t<div class=\"elementor-widget-container\">\n\t\t\t\t\t\t\t\t\t<div class=\"elementor-button-wrapper\">\n\t\t\t\t\t<a class=\"elementor-button elementor-size-sm\" role=\"button\">\n\t\t\t\t\t\t<span class=\"elementor-button-content-wrapper\">\n\t\t\t\t\t\t<span class=\"elementor-button-icon\">\n\t\t\t\t<svg aria-hidden=\"true\" class=\"e-font-icon-svg e-fas-phone-volume\" viewBox=\"0 0 384 512\" xmlns=\"http:\/\/www.w3.org\/2000\/svg\"><path d=\"M97.333 506.966c-129.874-129.874-129.681-340.252 0-469.933 5.698-5.698 14.527-6.632 21.263-2.422l64.817 40.513a17.187 17.187 0 0 1 6.849 20.958l-32.408 81.021a17.188 17.188 0 0 1-17.669 10.719l-55.81-5.58c-21.051 58.261-20.612 122.471 0 179.515l55.811-5.581a17.188 17.188 0 0 1 17.669 10.719l32.408 81.022a17.188 17.188 0 0 1-6.849 20.958l-64.817 40.513a17.19 17.19 0 0 1-21.264-2.422zM247.126 95.473c11.832 20.047 11.832 45.008 0 65.055-3.95 6.693-13.108 7.959-18.718 2.581l-5.975-5.726c-3.911-3.748-4.793-9.622-2.261-14.41a32.063 32.063 0 0 0 0-29.945c-2.533-4.788-1.65-10.662 2.261-14.41l5.975-5.726c5.61-5.378 14.768-4.112 18.718 2.581zm91.787-91.187c60.14 71.604 60.092 175.882 0 247.428-4.474 5.327-12.53 5.746-17.552.933l-5.798-5.557c-4.56-4.371-4.977-11.529-.93-16.379 49.687-59.538 49.646-145.933 0-205.422-4.047-4.85-3.631-12.008.93-16.379l5.798-5.557c5.022-4.813 13.078-4.394 17.552.933zm-45.972 44.941c36.05 46.322 36.108 111.149 0 157.546-4.39 5.641-12.697 6.251-17.856 1.304l-5.818-5.579c-4.4-4.219-4.998-11.095-1.285-15.931 26.536-34.564 26.534-82.572 0-117.134-3.713-4.836-3.115-11.711 1.285-15.931l5.818-5.579c5.159-4.947 13.466-4.337 17.856 1.304z\"><\/path><\/svg>\t\t\t<\/span>\n\t\t\t\t\t\t\t\t\t<span class=\"elementor-button-text\">KONTAKT<\/span>\n\t\t\t\t\t<\/span>\n\t\t\t\t\t<\/a>\n\t\t\t\t<\/div>\n\t\t\t\t\t\t\t\t<\/div>\n\t\t\t\t<\/div>\n\t\t\t\t<div class=\"elementor-element elementor-element-6334acd wpr-fancy-text-slide wpr-advanced-text-style-animated wpr-animated-text-infinite-yes elementor-widget elementor-widget-wpr-advanced-text\" data-id=\"6334acd\" data-element_type=\"widget\" data-e-type=\"widget\" data-settings=\"{&quot;anim_loop&quot;:&quot;yes&quot;}\" data-widget_type=\"wpr-advanced-text.default\">\n\t\t\t\t<div class=\"elementor-widget-container\">\n\t\t\t\t\t\n\t\t<h3 class=\"wpr-advanced-text\">\n\n\t\t\t\t\t\n\t\t\t\t\t\t\t<span class=\"wpr-advanced-text-preffix\">Ihr n\u00e4chstes Projekt beginnt mit  <br><\/span>\n\t\t\t\n\t\t<span class=\"wpr-anim-text wpr-anim-text-type-slide\" data-anim-duration=\"1000,2000\" data-anim-loop=\"yes\">\n\t\t\t<span class=\"wpr-anim-text-inner\">\n\t\t\t\t\t\t\t\t\t<b>Pr\u00e4zisionsfertigung<\/b>\n\t\t\t\t\t\t\t\t\t<b> Fortschrittliche Technologie<\/b>\n\t\t\t\t\t\t\t\t\t<b> Qualit\u00e4t ohne Kompromisse<\/b>\n\t\t\t\t\t\t\t<\/span>\n\t\t\t\t\t<\/span>\n\n\t\t\t\t\n\t\t<\/h3>\n\t\t\n\t\t\t\t\t\t<\/div>\n\t\t\t\t<\/div>\n\t\t\t\t\t<\/div>\n\t\t\t\t<\/div>\n\t\t<div class=\"elementor-element elementor-element-6e3a696 e-flex e-con-boxed wpr-particle-no wpr-jarallax-no wpr-parallax-no wpr-sticky-section-no e-con e-parent\" data-id=\"6e3a696\" data-element_type=\"container\" data-e-type=\"container\" data-settings=\"{&quot;background_background&quot;:&quot;classic&quot;}\">\n\t\t\t\t\t<div class=\"e-con-inner\">\n\t\t<div class=\"elementor-element elementor-element-45cc6de e-con-full e-flex wpr-particle-no wpr-jarallax-no wpr-parallax-no wpr-sticky-section-no e-con e-child\" data-id=\"45cc6de\" data-element_type=\"container\" data-e-type=\"container\">\n\t\t\t\t<div class=\"elementor-element elementor-element-845f0d5 elementor-widget elementor-widget-heading\" data-id=\"845f0d5\" data-element_type=\"widget\" data-e-type=\"widget\" data-widget_type=\"heading.default\">\n\t\t\t\t<div class=\"elementor-widget-container\">\n\t\t\t\t\t<h2 class=\"elementor-heading-title elementor-size-default\">KONTAKTIEREN SIE UNS!<\/h2>\t\t\t\t<\/div>\n\t\t\t\t<\/div>\n\t\t\t\t<div class=\"elementor-element elementor-element-f314146 elementor-widget__width-initial elementor-widget elementor-widget-text-editor\" data-id=\"f314146\" data-element_type=\"widget\" data-e-type=\"widget\" data-widget_type=\"text-editor.default\">\n\t\t\t\t<div class=\"elementor-widget-container\">\n\t\t\t\t\t\t\t\t\t<p>Zuverl\u00e4ssige CNC-Metallbearbeitung f\u00fcr Projekte, bei denen Fehler inakzeptabel sind. Senden Sie uns eine Anfrage und erhalten Sie umgehend ein auf Ihre technischen Anforderungen zugeschnittenes Angebot. <\/p><p>Ob Sie Fragen haben oder unsere Dienstleistungen in Anspruch nehmen m\u00f6chten, unser Expertenteam ist f\u00fcr Sie da.  <\/p><p><strong>Wir freuen uns auf Ihren Anruf!<\/strong><\/p>\t\t\t\t\t\t\t\t<\/div>\n\t\t\t\t<\/div>\n\t\t\t\t<div class=\"elementor-element elementor-element-7eebaa2 elementor-align-start elementor-icon-list--layout-traditional elementor-list-item-link-full_width elementor-widget elementor-widget-icon-list\" data-id=\"7eebaa2\" data-element_type=\"widget\" data-e-type=\"widget\" data-widget_type=\"icon-list.default\">\n\t\t\t\t<div class=\"elementor-widget-container\">\n\t\t\t\t\t\t\t<ul class=\"elementor-icon-list-items\">\n\t\t\t\t\t\t\t<li class=\"elementor-icon-list-item\">\n\t\t\t\t\t\t\t\t\t\t\t<a href=\"#\">\n\n\t\t\t\t\t\t\t\t\t\t\t\t<span class=\"elementor-icon-list-icon\">\n\t\t\t\t\t\t\t<svg aria-hidden=\"true\" class=\"e-font-icon-svg e-fas-map-marker-alt\" viewBox=\"0 0 384 512\" xmlns=\"http:\/\/www.w3.org\/2000\/svg\"><path d=\"M172.268 501.67C26.97 291.031 0 269.413 0 192 0 85.961 85.961 0 192 0s192 85.961 192 192c0 77.413-26.97 99.031-172.268 309.67-9.535 13.774-29.93 13.773-39.464 0zM192 272c44.183 0 80-35.817 80-80s-35.817-80-80-80-80 35.817-80 80 35.817 80 80 80z\"><\/path><\/svg>\t\t\t\t\t\t<\/span>\n\t\t\t\t\t\t\t\t\t\t<span class=\"elementor-icon-list-text\">Kragujevac, Srbija<\/span>\n\t\t\t\t\t\t\t\t\t\t\t<\/a>\n\t\t\t\t\t\t\t\t\t<\/li>\n\t\t\t\t\t\t\t\t<li class=\"elementor-icon-list-item\">\n\t\t\t\t\t\t\t\t\t\t\t<a href=\"#\">\n\n\t\t\t\t\t\t\t\t\t\t\t\t<span class=\"elementor-icon-list-icon\">\n\t\t\t\t\t\t\t<svg aria-hidden=\"true\" class=\"e-font-icon-svg e-far-envelope\" viewBox=\"0 0 512 512\" xmlns=\"http:\/\/www.w3.org\/2000\/svg\"><path d=\"M464 64H48C21.49 64 0 85.49 0 112v288c0 26.51 21.49 48 48 48h416c26.51 0 48-21.49 48-48V112c0-26.51-21.49-48-48-48zm0 48v40.805c-22.422 18.259-58.168 46.651-134.587 106.49-16.841 13.247-50.201 45.072-73.413 44.701-23.208.375-56.579-31.459-73.413-44.701C106.18 199.465 70.425 171.067 48 152.805V112h416zM48 400V214.398c22.914 18.251 55.409 43.862 104.938 82.646 21.857 17.205 60.134 55.186 103.062 54.955 42.717.231 80.509-37.199 103.053-54.947 49.528-38.783 82.032-64.401 104.947-82.653V400H48z\"><\/path><\/svg>\t\t\t\t\t\t<\/span>\n\t\t\t\t\t\t\t\t\t\t<span class=\"elementor-icon-list-text\">pimtoolsconstruction@gmail.com<\/span>\n\t\t\t\t\t\t\t\t\t\t\t<\/a>\n\t\t\t\t\t\t\t\t\t<\/li>\n\t\t\t\t\t\t\t\t<li class=\"elementor-icon-list-item\">\n\t\t\t\t\t\t\t\t\t\t\t<a href=\"tel:+38163628901\">\n\n\t\t\t\t\t\t\t\t\t\t\t\t<span class=\"elementor-icon-list-icon\">\n\t\t\t\t\t\t\t<svg aria-hidden=\"true\" class=\"e-font-icon-svg e-fas-phone\" viewBox=\"0 0 512 512\" xmlns=\"http:\/\/www.w3.org\/2000\/svg\"><path d=\"M493.4 24.6l-104-24c-11.3-2.6-22.9 3.3-27.5 13.9l-48 112c-4.2 9.8-1.4 21.3 6.9 28l60.6 49.6c-36 76.7-98.9 140.5-177.2 177.2l-49.6-60.6c-6.8-8.3-18.2-11.1-28-6.9l-112 48C3.9 366.5-2 378.1.6 389.4l24 104C27.1 504.2 36.7 512 48 512c256.1 0 464-207.5 464-464 0-11.2-7.7-20.9-18.6-23.4z\"><\/path><\/svg>\t\t\t\t\t\t<\/span>\n\t\t\t\t\t\t\t\t\t\t<span class=\"elementor-icon-list-text\">+38163628901<\/span>\n\t\t\t\t\t\t\t\t\t\t\t<\/a>\n\t\t\t\t\t\t\t\t\t<\/li>\n\t\t\t\t\t\t<\/ul>\n\t\t\t\t\t\t<\/div>\n\t\t\t\t<\/div>\n\t\t\t\t<\/div>\n\t\t<div class=\"elementor-element elementor-element-4f2cdcb e-con-full e-flex wpr-particle-no wpr-jarallax-no wpr-parallax-no wpr-sticky-section-no e-con e-child\" data-id=\"4f2cdcb\" data-element_type=\"container\" data-e-type=\"container\">\n\t\t\t\t<div class=\"elementor-element elementor-element-b8479f8 elementor-widget__width-initial elementor-widget elementor-widget-wpr-google-maps\" data-id=\"b8479f8\" data-element_type=\"widget\" data-e-type=\"widget\" data-settings=\"{&quot;gm_zoom_depth&quot;:{&quot;unit&quot;:&quot;px&quot;,&quot;size&quot;:13,&quot;sizes&quot;:[]},&quot;gm_height&quot;:{&quot;unit&quot;:&quot;px&quot;,&quot;size&quot;:500,&quot;sizes&quot;:[]},&quot;gm_height_tablet&quot;:{&quot;unit&quot;:&quot;px&quot;,&quot;size&quot;:&quot;&quot;,&quot;sizes&quot;:[]},&quot;gm_height_mobile&quot;:{&quot;unit&quot;:&quot;px&quot;,&quot;size&quot;:&quot;&quot;,&quot;sizes&quot;:[]}}\" data-widget_type=\"wpr-google-maps.default\">\n\t\t\t\t<div class=\"elementor-widget-container\">\n\t\t\t\t\t<div class=\"wpr-google-map\" data-integration-type =\"without_api_key\"><iframe \n\t\t\t\t\tsrc=\"https:\/\/www.google.com\/maps?q=Kragujevac%2C%20Voje%20Radi%C4%87a%205&#038;z=13&#038;output=embed\" \n\t\t\t\t\twidth=\"100%\"\n\t\t\t\t\theight=\"500\"\n\t\t\t\t\tstyle=\"border:0;\" \n\t\t\t\t\tallowfullscreen=\"\" \n\t\t\t\t\tloading=\"lazy\"\n\t\t\t\t\treferrerpolicy=\"no-referrer-when-downgrade\">\n\t\t\t\t  <\/iframe><\/div>\t\t\t\t<\/div>\n\t\t\t\t<\/div>\n\t\t\t\t<\/div>\n\t\t\t\t\t<\/div>\n\t\t\t\t<\/div>\n\t\t<div class=\"elementor-element elementor-element-eaa122d e-con-full e-flex wpr-particle-no wpr-jarallax-no wpr-parallax-no wpr-sticky-section-no e-con e-parent\" data-id=\"eaa122d\" data-element_type=\"container\" data-e-type=\"container\" data-settings=\"{&quot;background_background&quot;:&quot;classic&quot;}\">\n\t\t\t\t<div class=\"elementor-element elementor-element-c322aa5 elementor-widget elementor-widget-heading\" data-id=\"c322aa5\" data-element_type=\"widget\" data-e-type=\"widget\" data-widget_type=\"heading.default\">\n\t\t\t\t<div class=\"elementor-widget-container\">\n\t\t\t\t\t<h2 class=\"elementor-heading-title elementor-size-default\">F\u00fcllen Sie das Formular aus und fordern Sie ein Angebot an.<\/h2>\t\t\t\t<\/div>\n\t\t\t\t<\/div>\n\t\t\t\t<div class=\"elementor-element elementor-element-4d377d1 elementor-widget elementor-widget-shortcode\" data-id=\"4d377d1\" data-element_type=\"widget\" data-e-type=\"widget\" data-widget_type=\"shortcode.default\">\n\t\t\t\t<div class=\"elementor-widget-container\">\n\t\t\t\t\t\t\t<div class=\"elementor-shortcode\">[everest_form id=\"3191\"] <\/div>\n\t\t\t\t\t\t<\/div>\n\t\t\t\t<\/div>\n\t\t\t\t<\/div>\n\t\t\t\t<\/div>\n\t\t","protected":false},"excerpt":{"rendered":"<p>Kontakt KONTAKT Ihr n\u00e4chstes Projekt beginnt mitPr\u00e4zisionsfertigung FortschrittlicherTechnologie Kompromissloser Qualit\u00e4t KONTAKTIEREN SIE UNS! Zuverl\u00e4ssige CNC-Metallbearbeitung f\u00fcr Projekte, bei denen Fehler inakzeptabel sind. Senden Sie uns eine Anfrage und erhalten Sie umgehend ein auf Ihre technischen Anforderungen zugeschnittenes Angebot. Ob Sie Fragen haben oder unsere Dienstleistungen in Anspruch nehmen m\u00f6chten, unser Expertenteam ist f\u00fcr Sie da. Wir freuen uns auf Ihren Anruf! Kragujevac, Serbien pimtoolsconstruction@gmail.com +38163628901 F\u00fcllen Sie das Formular aus und fordern Sie ein Angebot an. Please enable JavaScript in your browser to complete this form.Please enable JavaScript in your browser to complete this form.Ime i Prezime \/ Name \/ Vor- und Nachname *Email *UnternehmenLink zur Zeichnung oder Datei (Google Drive, Dropbox, WeTransfer usw.) &lt; 2 &gt; oder senden Sie diese an pimtoolsconstruction@gmail.comGDPR Consent * Ich bin damit einverstanden, dass diese Website meine Daten speichert, um meine Anfrage beantworten zu k\u00f6nnen. Schicken<\/p>\n","protected":false},"author":1,"featured_media":2566,"parent":0,"menu_order":0,"comment_status":"closed","ping_status":"closed","template":"","meta":{"site-sidebar-layout":"no-sidebar","site-content-layout":"page-builder","ast-site-content-layout":"full-width-container","site-content-style":"unboxed","site-sidebar-style":"unboxed","ast-global-header-display":"","ast-banner-title-visibility":"","ast-main-header-display":"","ast-hfb-above-header-display":"","ast-hfb-below-header-display":"","ast-hfb-mobile-header-display":"","site-post-title":"disabled","ast-breadcrumbs-content":"","ast-featured-img":"disabled","footer-sml-layout":"","ast-disable-related-posts":"","theme-transparent-header-meta":"enabled","adv-header-id-meta":"","stick-header-meta":"","header-above-stick-meta":"","header-main-stick-meta":"","header-below-stick-meta":"","astra-migrate-meta-layouts":"default","ast-page-background-enabled":"default","ast-page-background-meta":{"desktop":{"background-color":"","background-image":"","background-repeat":"repeat","background-position":"center center","background-size":"auto","background-attachment":"scroll","background-type":"","background-media":"","overlay-type":"","overlay-color":"","overlay-opacity":"","overlay-gradient":""},"tablet":{"background-color":"","background-image":"","background-repeat":"repeat","background-position":"center center","background-size":"auto","background-attachment":"scroll","background-type":"","background-media":"","overlay-type":"","overlay-color":"","overlay-opacity":"","overlay-gradient":""},"mobile":{"background-color":"","background-image":"","background-repeat":"repeat","background-position":"center center","background-size":"auto","background-attachment":"scroll","background-type":"","background-media":"","overlay-type":"","overlay-color":"","overlay-opacity":"","overlay-gradient":""}},"ast-content-background-meta":{"desktop":{"background-color":"var(--ast-global-color-5)","background-image":"","background-repeat":"repeat","background-position":"center center","background-size":"auto","background-attachment":"scroll","background-type":"","background-media":"","overlay-type":"","overlay-color":"","overlay-opacity":"","overlay-gradient":""},"tablet":{"background-color":"var(--ast-global-color-5)","background-image":"","background-repeat":"repeat","background-position":"center center","background-size":"auto","background-attachment":"scroll","background-type":"","background-media":"","overlay-type":"","overlay-color":"","overlay-opacity":"","overlay-gradient":""},"mobile":{"background-color":"var(--ast-global-color-5)","background-image":"","background-repeat":"repeat","background-position":"center center","background-size":"auto","background-attachment":"scroll","background-type":"","background-media":"","overlay-type":"","overlay-color":"","overlay-opacity":"","overlay-gradient":""}},"footnotes":""},"class_list":["post-2575","page","type-page","status-publish","has-post-thumbnail","hentry"],"yoast_head":"<!-- This site is optimized with the Yoast SEO plugin v27.3 - https:\/\/yoast.com\/product\/yoast-seo-wordpress\/ -->\n<title>Kontaktieren Sie PIM Tools \u2013 Kundenspezifische CNC-Metallbearbeitung<\/title>\n<meta name=\"description\" content=\"Haben Sie eine Frage oder w\u00fcnschen Sie ein Angebot? Kontaktieren Sie PIM Tools f\u00fcr professionelle Dienstleistungen. Schnelle Kommunikation, pr\u00e4zise Arbeit und ein zuverl\u00e4ssiger Partner.\" \/>\n<meta name=\"robots\" content=\"index, follow, max-snippet:-1, max-image-preview:large, max-video-preview:-1\" \/>\n<link rel=\"canonical\" href=\"https:\/\/pimtool.com\/de\/kontakt\/\" \/>\n<meta property=\"og:locale\" content=\"de_DE\" \/>\n<meta property=\"og:type\" content=\"article\" \/>\n<meta property=\"og:title\" content=\"Kontaktieren Sie PIM Tools \u2013 Kundenspezifische CNC-Metallbearbeitung\" \/>\n<meta property=\"og:description\" content=\"Haben Sie eine Frage oder w\u00fcnschen Sie ein Angebot? Kontaktieren Sie PIM Tools f\u00fcr professionelle Dienstleistungen. Schnelle Kommunikation, pr\u00e4zise Arbeit und ein zuverl\u00e4ssiger Partner.\" \/>\n<meta property=\"og:url\" content=\"https:\/\/pimtool.com\/de\/kontakt\/\" \/>\n<meta property=\"og:site_name\" content=\"P&amp;M tools construction\" \/>\n<meta property=\"article:publisher\" content=\"https:\/\/www.facebook.com\/pimtools.rs\" \/>\n<meta property=\"article:modified_time\" content=\"2026-03-12T19:12:45+00:00\" \/>\n<meta property=\"og:image\" content=\"https:\/\/pimtool.com\/wp-content\/uploads\/2023\/05\/61.png\" \/>\n\t<meta property=\"og:image:width\" content=\"1200\" \/>\n\t<meta property=\"og:image:height\" content=\"628\" \/>\n\t<meta property=\"og:image:type\" content=\"image\/png\" \/>\n<meta name=\"twitter:card\" content=\"summary_large_image\" \/>\n<meta name=\"twitter:label1\" content=\"Gesch\u00e4tzte Lesezeit\" \/>\n\t<meta name=\"twitter:data1\" content=\"1\u00a0Minute\" \/>\n<script type=\"application\/ld+json\" class=\"yoast-schema-graph\">{\"@context\":\"https:\\\/\\\/schema.org\",\"@graph\":[{\"@type\":\"WebPage\",\"@id\":\"https:\\\/\\\/pimtool.com\\\/de\\\/kontakt\\\/\",\"url\":\"https:\\\/\\\/pimtool.com\\\/de\\\/kontakt\\\/\",\"name\":\"Kontaktieren Sie PIM Tools \u2013 Kundenspezifische CNC-Metallbearbeitung\",\"isPartOf\":{\"@id\":\"https:\\\/\\\/pimtool.com\\\/de\\\/#website\"},\"primaryImageOfPage\":{\"@id\":\"https:\\\/\\\/pimtool.com\\\/de\\\/kontakt\\\/#primaryimage\"},\"image\":{\"@id\":\"https:\\\/\\\/pimtool.com\\\/de\\\/kontakt\\\/#primaryimage\"},\"thumbnailUrl\":\"https:\\\/\\\/pimtool.com\\\/wp-content\\\/uploads\\\/2023\\\/05\\\/61.png\",\"datePublished\":\"2018-11-26T11:47:06+00:00\",\"dateModified\":\"2026-03-12T19:12:45+00:00\",\"description\":\"Haben Sie eine Frage oder w\u00fcnschen Sie ein Angebot? Kontaktieren Sie PIM Tools f\u00fcr professionelle Dienstleistungen. Schnelle Kommunikation, pr\u00e4zise Arbeit und ein zuverl\u00e4ssiger Partner.\",\"breadcrumb\":{\"@id\":\"https:\\\/\\\/pimtool.com\\\/de\\\/kontakt\\\/#breadcrumb\"},\"inLanguage\":\"de\",\"potentialAction\":[{\"@type\":\"ReadAction\",\"target\":[\"https:\\\/\\\/pimtool.com\\\/de\\\/kontakt\\\/\"]}]},{\"@type\":\"ImageObject\",\"inLanguage\":\"de\",\"@id\":\"https:\\\/\\\/pimtool.com\\\/de\\\/kontakt\\\/#primaryimage\",\"url\":\"https:\\\/\\\/pimtool.com\\\/wp-content\\\/uploads\\\/2023\\\/05\\\/61.png\",\"contentUrl\":\"https:\\\/\\\/pimtool.com\\\/wp-content\\\/uploads\\\/2023\\\/05\\\/61.png\",\"width\":1200,\"height\":628},{\"@type\":\"BreadcrumbList\",\"@id\":\"https:\\\/\\\/pimtool.com\\\/de\\\/kontakt\\\/#breadcrumb\",\"itemListElement\":[{\"@type\":\"ListItem\",\"position\":1,\"name\":\"Home\",\"item\":\"https:\\\/\\\/pimtool.com\\\/de\\\/heim\\\/\"},{\"@type\":\"ListItem\",\"position\":2,\"name\":\"Kontakt\"}]},{\"@type\":\"WebSite\",\"@id\":\"https:\\\/\\\/pimtool.com\\\/de\\\/#website\",\"url\":\"https:\\\/\\\/pimtool.com\\\/de\\\/\",\"name\":\"Pimtool construction\",\"description\":\"Ma\u0161inska obrada, varenje, bru\u0161enje i 3D \u0161tampa\",\"publisher\":{\"@id\":\"https:\\\/\\\/pimtool.com\\\/de\\\/#organization\"},\"alternateName\":\"P&M tool\",\"potentialAction\":[{\"@type\":\"SearchAction\",\"target\":{\"@type\":\"EntryPoint\",\"urlTemplate\":\"https:\\\/\\\/pimtool.com\\\/de\\\/?s={search_term_string}\"},\"query-input\":{\"@type\":\"PropertyValueSpecification\",\"valueRequired\":true,\"valueName\":\"search_term_string\"}}],\"inLanguage\":\"de\"},{\"@type\":\"Organization\",\"@id\":\"https:\\\/\\\/pimtool.com\\\/de\\\/#organization\",\"name\":\"P&M tools construction\",\"url\":\"https:\\\/\\\/pimtool.com\\\/de\\\/\",\"logo\":{\"@type\":\"ImageObject\",\"inLanguage\":\"de\",\"@id\":\"https:\\\/\\\/pimtool.com\\\/de\\\/#\\\/schema\\\/logo\\\/image\\\/\",\"url\":\"https:\\\/\\\/pimtool.com\\\/wp-content\\\/uploads\\\/2023\\\/05\\\/cropped-P_M-TOOLStransparent_1-1.png\",\"contentUrl\":\"https:\\\/\\\/pimtool.com\\\/wp-content\\\/uploads\\\/2023\\\/05\\\/cropped-P_M-TOOLStransparent_1-1.png\",\"width\":1563,\"height\":477,\"caption\":\"P&M tools construction\"},\"image\":{\"@id\":\"https:\\\/\\\/pimtool.com\\\/de\\\/#\\\/schema\\\/logo\\\/image\\\/\"},\"sameAs\":[\"https:\\\/\\\/www.facebook.com\\\/pimtools.rs\",\"https:\\\/\\\/www.linkedin.com\\\/company\\\/pimtools\\\/\"]}]}<\/script>\n<!-- \/ Yoast SEO plugin. -->","yoast_head_json":{"title":"Kontaktieren Sie PIM Tools \u2013 Kundenspezifische CNC-Metallbearbeitung","description":"Haben Sie eine Frage oder w\u00fcnschen Sie ein Angebot? Kontaktieren Sie PIM Tools f\u00fcr professionelle Dienstleistungen. Schnelle Kommunikation, pr\u00e4zise Arbeit und ein zuverl\u00e4ssiger Partner.","robots":{"index":"index","follow":"follow","max-snippet":"max-snippet:-1","max-image-preview":"max-image-preview:large","max-video-preview":"max-video-preview:-1"},"canonical":"https:\/\/pimtool.com\/de\/kontakt\/","og_locale":"de_DE","og_type":"article","og_title":"Kontaktieren Sie PIM Tools \u2013 Kundenspezifische CNC-Metallbearbeitung","og_description":"Haben Sie eine Frage oder w\u00fcnschen Sie ein Angebot? Kontaktieren Sie PIM Tools f\u00fcr professionelle Dienstleistungen. Schnelle Kommunikation, pr\u00e4zise Arbeit und ein zuverl\u00e4ssiger Partner.","og_url":"https:\/\/pimtool.com\/de\/kontakt\/","og_site_name":"P&amp;M tools construction","article_publisher":"https:\/\/www.facebook.com\/pimtools.rs","article_modified_time":"2026-03-12T19:12:45+00:00","og_image":[{"width":1200,"height":628,"url":"https:\/\/pimtool.com\/wp-content\/uploads\/2023\/05\/61.png","type":"image\/png"}],"twitter_card":"summary_large_image","twitter_misc":{"Gesch\u00e4tzte Lesezeit":"1\u00a0Minute"},"schema":{"@context":"https:\/\/schema.org","@graph":[{"@type":"WebPage","@id":"https:\/\/pimtool.com\/de\/kontakt\/","url":"https:\/\/pimtool.com\/de\/kontakt\/","name":"Kontaktieren Sie PIM Tools \u2013 Kundenspezifische CNC-Metallbearbeitung","isPartOf":{"@id":"https:\/\/pimtool.com\/de\/#website"},"primaryImageOfPage":{"@id":"https:\/\/pimtool.com\/de\/kontakt\/#primaryimage"},"image":{"@id":"https:\/\/pimtool.com\/de\/kontakt\/#primaryimage"},"thumbnailUrl":"https:\/\/pimtool.com\/wp-content\/uploads\/2023\/05\/61.png","datePublished":"2018-11-26T11:47:06+00:00","dateModified":"2026-03-12T19:12:45+00:00","description":"Haben Sie eine Frage oder w\u00fcnschen Sie ein Angebot? Kontaktieren Sie PIM Tools f\u00fcr professionelle Dienstleistungen. Schnelle Kommunikation, pr\u00e4zise Arbeit und ein zuverl\u00e4ssiger Partner.","breadcrumb":{"@id":"https:\/\/pimtool.com\/de\/kontakt\/#breadcrumb"},"inLanguage":"de","potentialAction":[{"@type":"ReadAction","target":["https:\/\/pimtool.com\/de\/kontakt\/"]}]},{"@type":"ImageObject","inLanguage":"de","@id":"https:\/\/pimtool.com\/de\/kontakt\/#primaryimage","url":"https:\/\/pimtool.com\/wp-content\/uploads\/2023\/05\/61.png","contentUrl":"https:\/\/pimtool.com\/wp-content\/uploads\/2023\/05\/61.png","width":1200,"height":628},{"@type":"BreadcrumbList","@id":"https:\/\/pimtool.com\/de\/kontakt\/#breadcrumb","itemListElement":[{"@type":"ListItem","position":1,"name":"Home","item":"https:\/\/pimtool.com\/de\/heim\/"},{"@type":"ListItem","position":2,"name":"Kontakt"}]},{"@type":"WebSite","@id":"https:\/\/pimtool.com\/de\/#website","url":"https:\/\/pimtool.com\/de\/","name":"Pimtool construction","description":"Ma\u0161inska obrada, varenje, bru\u0161enje i 3D \u0161tampa","publisher":{"@id":"https:\/\/pimtool.com\/de\/#organization"},"alternateName":"P&M tool","potentialAction":[{"@type":"SearchAction","target":{"@type":"EntryPoint","urlTemplate":"https:\/\/pimtool.com\/de\/?s={search_term_string}"},"query-input":{"@type":"PropertyValueSpecification","valueRequired":true,"valueName":"search_term_string"}}],"inLanguage":"de"},{"@type":"Organization","@id":"https:\/\/pimtool.com\/de\/#organization","name":"P&M tools construction","url":"https:\/\/pimtool.com\/de\/","logo":{"@type":"ImageObject","inLanguage":"de","@id":"https:\/\/pimtool.com\/de\/#\/schema\/logo\/image\/","url":"https:\/\/pimtool.com\/wp-content\/uploads\/2023\/05\/cropped-P_M-TOOLStransparent_1-1.png","contentUrl":"https:\/\/pimtool.com\/wp-content\/uploads\/2023\/05\/cropped-P_M-TOOLStransparent_1-1.png","width":1563,"height":477,"caption":"P&M tools construction"},"image":{"@id":"https:\/\/pimtool.com\/de\/#\/schema\/logo\/image\/"},"sameAs":["https:\/\/www.facebook.com\/pimtools.rs","https:\/\/www.linkedin.com\/company\/pimtools\/"]}]}},"_links":{"self":[{"href":"https:\/\/pimtool.com\/de\/wp-json\/wp\/v2\/pages\/2575","targetHints":{"allow":["GET"]}}],"collection":[{"href":"https:\/\/pimtool.com\/de\/wp-json\/wp\/v2\/pages"}],"about":[{"href":"https:\/\/pimtool.com\/de\/wp-json\/wp\/v2\/types\/page"}],"author":[{"embeddable":true,"href":"https:\/\/pimtool.com\/de\/wp-json\/wp\/v2\/users\/1"}],"replies":[{"embeddable":true,"href":"https:\/\/pimtool.com\/de\/wp-json\/wp\/v2\/comments?post=2575"}],"version-history":[{"count":5,"href":"https:\/\/pimtool.com\/de\/wp-json\/wp\/v2\/pages\/2575\/revisions"}],"predecessor-version":[{"id":3561,"href":"https:\/\/pimtool.com\/de\/wp-json\/wp\/v2\/pages\/2575\/revisions\/3561"}],"wp:featuredmedia":[{"embeddable":true,"href":"https:\/\/pimtool.com\/de\/wp-json\/wp\/v2\/media\/2566"}],"wp:attachment":[{"href":"https:\/\/pimtool.com\/de\/wp-json\/wp\/v2\/media?parent=2575"}],"curies":[{"name":"wp","href":"https:\/\/api.w.org\/{rel}","templated":true}]}}